{"id":85,"date":"2013-05-28T15:48:40","date_gmt":"2013-05-28T15:48:40","guid":{"rendered":"http:\/\/bandalagkvennarvk.wordpress.com\/?page_id=85"},"modified":"2017-05-12T11:18:16","modified_gmt":"2017-05-12T11:18:16","slug":"ad-gerast-adildarfelag","status":"publish","type":"page","link":"https:\/\/bkr.is\/?page_id=85","title":{"rendered":"A\u00f0 gerast a\u00f0ildarf\u00e9lag"},"content":{"rendered":"<p style=\"text-align: justify;\"><img loading=\"lazy\" class=\"alignright wp-image-432\" src=\"http:\/\/bkr.is\/wp-content\/uploads\/2013\/08\/bkr-lc3b3gc3b3.jpg\" alt=\"BKR L\u00f3g\u00f3\" width=\"166\" height=\"208\" srcset=\"https:\/\/bkr.is\/wp-content\/uploads\/2013\/08\/bkr-lc3b3gc3b3.jpg 395w, https:\/\/bkr.is\/wp-content\/uploads\/2013\/08\/bkr-lc3b3gc3b3-239x300.jpg 239w\" sizes=\"(max-width: 166px) 100vw, 166px\" \/>Starfi f\u00e9lag a\u00f0 <a title=\"L\u00f6g og reglur\u00a0BKR\" href=\"http:\/\/bkr.is\/about\/log-og-reglur-bkr\/\" target=\"_blank\" rel=\"noopener noreferrer\">markmi\u00f0um<\/a> Bandalags kvenna \u00ed Reykjav\u00edk er \u00fev\u00ed heimilt a\u00f0 gerast a\u00f0ildarf\u00e9lag BKR. Samkv\u00e6mt l\u00f6gum og reglum Bandalagsins \u00e1 \u00feetta vi\u00f0 kvenf\u00e9l\u00f6g og f\u00e9l\u00f6g kvenna og karla.<\/p>\n<p style=\"text-align: justify;\">Ums\u00f3knarferli\u00f0: Senda skal skriflega ums\u00f3kn um inng\u00f6ngu \u00ed Bandalag kvenna \u00ed Reykjav\u00edk \u00e1samt l\u00f6gum f\u00e9lagsins til stj\u00f3rnar BKR sem hefur a\u00f0setur \u00e1 Hallveigarst\u00f6\u00f0um, T\u00fang\u00f6tu 14, 101 RVK.<\/p>\n<p style=\"text-align: justify;\">A\u00f0ild n\u00fds f\u00e9lags er formlega sam\u00feykkt \u00e1 \u00feingi bandalagsins sem haldi\u00f0 er \u00ed mars-m\u00e1nu\u00f0i \u00e1r hvert.<\/p>\n<p style=\"text-align: justify;\">A\u00f0ildargjald: 5000 kr\u00f3nur \u00e1 f\u00e9lag \u00e1rlega.<\/p>\n","protected":false},"excerpt":{"rendered":"<p>Starfi f\u00e9lag a\u00f0 markmi\u00f0um Bandalags kvenna \u00ed Reykjav\u00edk er \u00fev\u00ed heimilt a\u00f0 gerast a\u00f0ildarf\u00e9lag BKR. Samkv\u00e6mt l\u00f6gum og reglum Bandalagsins \u00e1 \u00feetta vi\u00f0 kvenf\u00e9l\u00f6g og f\u00e9l\u00f6g kvenna og karla. Ums\u00f3knarferli\u00f0: Senda skal skriflega ums\u00f3kn um inng\u00f6ngu \u00ed Bandalag kvenna \u00ed &hellip; <a href=\"https:\/\/bkr.is\/?page_id=85\">Halda \u00e1fram a\u00f0 lesa <span class=\"meta-nav\">&rarr;<\/span><\/a><\/p>\n","protected":false},"author":1,"featured_media":0,"parent":6,"menu_order":0,"comment_status":"closed","ping_status":"closed","template":"","meta":[],"_links":{"self":[{"href":"https:\/\/bkr.is\/index.php?rest_route=\/wp\/v2\/pages\/85"}],"collection":[{"href":"https:\/\/bkr.is\/index.php?rest_route=\/wp\/v2\/pages"}],"about":[{"href":"https:\/\/bkr.is\/index.php?rest_route=\/wp\/v2\/types\/page"}],"author":[{"embeddable":true,"href":"https:\/\/bkr.is\/index.php?rest_route=\/wp\/v2\/users\/1"}],"replies":[{"embeddable":true,"href":"https:\/\/bkr.is\/index.php?rest_route=%2Fwp%2Fv2%2Fcomments&post=85"}],"version-history":[{"count":2,"href":"https:\/\/bkr.is\/index.php?rest_route=\/wp\/v2\/pages\/85\/revisions"}],"predecessor-version":[{"id":1240,"href":"https:\/\/bkr.is\/index.php?rest_route=\/wp\/v2\/pages\/85\/revisions\/1240"}],"up":[{"embeddable":true,"href":"https:\/\/bkr.is\/index.php?rest_route=\/wp\/v2\/pages\/6"}],"wp:attachment":[{"href":"https:\/\/bkr.is\/index.php?rest_route=%2Fwp%2Fv2%2Fmedia&parent=85"}],"curies":[{"name":"wp","href":"https:\/\/api.w.org\/{rel}","templated":true}]}}